{"id":3,"date":"2023-08-17T02:57:22","date_gmt":"2023-08-17T02:57:22","guid":{"rendered":"http:\/\/box2002\/cgi\/addon_GT.cgi?s=GT::WP::Install::Cpanel+%28nhcommu1%29+-+10.0.87.30+%5BWordpress%3b+\/var\/hp\/common\/lib\/Wordpress.pm%3b+534%3b+Hosting::gap_call%5D\/?page_id=3"},"modified":"2024-09-10T21:42:46","modified_gmt":"2024-09-10T21:42:46","slug":"privacy-policy","status":"publish","type":"page","link":"https:\/\/nhcommunityservices.org\/es\/privacy-policy\/","title":{"rendered":"Pol\u00edticas de Privacidad"},"content":{"rendered":"<h1 class=\"wp-block-heading has-text-align-center\"><strong><mark style=\"background-color:rgba(0, 0, 0, 0)\" class=\"has-inline-color has-secondary-color\">Pol\u00edticas de Privacidad<\/mark><\/strong><\/h1>\n\n\n\n<p class=\"\"><strong>1. Informaci\u00f3n Recopilada<\/strong><br>Bienvenido a New Horizons Community Services. Esta Pol\u00edtica de Privacidad describe nuestras pr\u00e1cticas con respecto a la recopilaci\u00f3n, uso y divulgaci\u00f3n de su informaci\u00f3n cuando utiliza nuestros servicios.<\/p>\n\n\n\n<p class=\"\"><strong>2. Uso de la Informaci\u00f3n<\/strong><br>Utilizamos la informaci\u00f3n recopilada para mejorar nuestros servicios, responder a consultas y enviar comunicaciones relevantes.<\/p>\n\n\n\n<p class=\"\"><strong>3. Compartir Informaci\u00f3n<\/strong><br>No compartimos su informaci\u00f3n personal con terceros, excepto cuando sea necesario para cumplir con la ley o proteger nuestros derechos.<\/p>\n\n\n\n<p class=\"\"><strong>4. Seguridad de la Informaci\u00f3n<\/strong><br>Implementamos medidas de seguridad adecuadas para proteger su informaci\u00f3n personal contra accesos no autorizados.<\/p>\n\n\n\n<p class=\"\"><strong>5. Cookies<\/strong><br>Nuestro sitio utiliza cookies para mejorar la experiencia del usuario y analizar el uso del sitio. Puede desactivar las cookies en la configuraci\u00f3n de su navegador.<\/p>\n\n\n\n<p class=\"\"><strong>6. Derechos del Usuario<\/strong><br>Usted tiene derecho a acceder, modificar o eliminar su informaci\u00f3n personal almacenada por nosotros. Para ejercer estos derechos, puede contactarnos a trav\u00e9s de nuestro sitio web.<\/p>\n\n\n\n<p class=\"\"><strong>7. Cambios en la Pol\u00edtica de Privacidad<\/strong><br>Nos reservamos el derecho de actualizar o modificar esta pol\u00edtica en cualquier momento. Cualquier cambio significativo ser\u00e1 notificado en nuestro sitio web con la debida anticipaci\u00f3n.<\/p>\n\n\n\n<p class=\"\"><strong>8. Enlaces a Otros Sitios<\/strong><br>Nuestro servicio puede contener enlaces a otros sitios. Si hace clic en un enlace de terceros, ser\u00e1 dirigido a ese sitio. Tenga en cuenta que estos sitios externos no son operados por nosotros.<\/p>\n\n\n\n<p class=\"\"><strong>9. Privacidad de los Ni\u00f1os<\/strong><br>No recopilamos deliberadamente informaci\u00f3n personal de menores de 13 a\u00f1os. Si descubrimos que hemos recopilado datos de un menor sin consentimiento parental verificable, eliminaremos esa informaci\u00f3n de nuestros registros.<\/p>\n\n\n\n<p class=\"\"><strong>10. Contacto<\/strong><br>Si tiene alguna pregunta o inquietud sobre esta pol\u00edtica de privacidad, por favor cont\u00e1ctenos a trav\u00e9s de nuestro <a href=\"https:\/\/nhcommunityservices.org\/es\/\"><mark style=\"background-color:rgba(0, 0, 0, 0);color:#25499e\" class=\"has-inline-color\">sitio web<\/mark><mark style=\"background-color:rgba(0, 0, 0, 0)\" class=\"has-inline-color has-button-color-bg-hover-color\">.<\/mark><\/a><\/p>","protected":false},"excerpt":{"rendered":"<p>Privacy Policy 1. Information CollectedWelcome to New Horizons Community Services. This Privacy Policy outlines our [&hellip;]<\/p>\n","protected":false},"author":1,"featured_media":0,"parent":0,"menu_order":0,"comment_status":"closed","ping_status":"open","template":"","meta":{"nf_dc_page":"","om_disable_all_campaigns":false,"_monsterinsights_skip_tracking":false,"_monsterinsights_sitenote_active":false,"_monsterinsights_sitenote_note":"","_monsterinsights_sitenote_category":0,"footnotes":""},"class_list":["post-3","page","type-page","status-publish","hentry"],"yoast_head":"<!-- This site is optimized with the Yoast SEO plugin v27.4 - https:\/\/yoast.com\/product\/yoast-seo-wordpress\/ -->\n<title>Privacy Policy - https:\/\/nhcommunityservices.org<\/title>\n<meta name=\"robots\" content=\"index, follow, max-snippet:-1, max-image-preview:large, max-video-preview:-1\" \/>\n<link rel=\"canonical\" href=\"https:\/\/nhcommunityservices.org\/es\/privacy-policy\/\" \/>\n<meta property=\"og:locale\" content=\"es_MX\" \/>\n<meta property=\"og:type\" content=\"article\" \/>\n<meta property=\"og:title\" content=\"Privacy Policy - https:\/\/nhcommunityservices.org\" \/>\n<meta property=\"og:description\" content=\"Privacy Policy 1. Information CollectedWelcome to New Horizons Community Services. This Privacy Policy outlines our [&hellip;]\" \/>\n<meta property=\"og:url\" content=\"https:\/\/nhcommunityservices.org\/es\/privacy-policy\/\" \/>\n<meta property=\"og:site_name\" content=\"https:\/\/nhcommunityservices.org\" \/>\n<meta property=\"article:publisher\" content=\"https:\/\/www.facebook.com\/profile.php?id=100066802521575\" \/>\n<meta property=\"article:modified_time\" content=\"2024-09-10T21:42:46+00:00\" \/>\n<meta name=\"twitter:card\" content=\"summary_large_image\" \/>\n<meta name=\"twitter:label1\" content=\"Tiempo de lectura\" \/>\n\t<meta name=\"twitter:data1\" content=\"1 minuto\" \/>\n<script type=\"application\/ld+json\" class=\"yoast-schema-graph\">{\"@context\":\"https:\\\/\\\/schema.org\",\"@graph\":[{\"@type\":\"WebPage\",\"@id\":\"https:\\\/\\\/nhcommunityservices.org\\\/privacy-policy\\\/\",\"url\":\"https:\\\/\\\/nhcommunityservices.org\\\/privacy-policy\\\/\",\"name\":\"Privacy Policy - https:\\\/\\\/nhcommunityservices.org\",\"isPartOf\":{\"@id\":\"https:\\\/\\\/nhcommunityservices.org\\\/#website\"},\"datePublished\":\"2023-08-17T02:57:22+00:00\",\"dateModified\":\"2024-09-10T21:42:46+00:00\",\"breadcrumb\":{\"@id\":\"https:\\\/\\\/nhcommunityservices.org\\\/privacy-policy\\\/#breadcrumb\"},\"inLanguage\":\"es\",\"potentialAction\":[{\"@type\":\"ReadAction\",\"target\":[\"https:\\\/\\\/nhcommunityservices.org\\\/privacy-policy\\\/\"]}]},{\"@type\":\"BreadcrumbList\",\"@id\":\"https:\\\/\\\/nhcommunityservices.org\\\/privacy-policy\\\/#breadcrumb\",\"itemListElement\":[{\"@type\":\"ListItem\",\"position\":1,\"name\":\"Home\",\"item\":\"https:\\\/\\\/nhcommunityservices.org\\\/\"},{\"@type\":\"ListItem\",\"position\":2,\"name\":\"Privacy Policy\"}]},{\"@type\":\"WebSite\",\"@id\":\"https:\\\/\\\/nhcommunityservices.org\\\/#website\",\"url\":\"https:\\\/\\\/nhcommunityservices.org\\\/\",\"name\":\"https:\\\/\\\/nhcommunityservices.org\",\"description\":\"New horizons community servicesBuilding communitiessince 2006\",\"publisher\":{\"@id\":\"https:\\\/\\\/nhcommunityservices.org\\\/#organization\"},\"potentialAction\":[{\"@type\":\"SearchAction\",\"target\":{\"@type\":\"EntryPoint\",\"urlTemplate\":\"https:\\\/\\\/nhcommunityservices.org\\\/?s={search_term_string}\"},\"query-input\":{\"@type\":\"PropertyValueSpecification\",\"valueRequired\":true,\"valueName\":\"search_term_string\"}}],\"inLanguage\":\"es\"},{\"@type\":\"Organization\",\"@id\":\"https:\\\/\\\/nhcommunityservices.org\\\/#organization\",\"name\":\"New Horizons Community Services\",\"url\":\"https:\\\/\\\/nhcommunityservices.org\\\/\",\"logo\":{\"@type\":\"ImageObject\",\"inLanguage\":\"es\",\"@id\":\"https:\\\/\\\/nhcommunityservices.org\\\/#\\\/schema\\\/logo\\\/image\\\/\",\"url\":\"https:\\\/\\\/i0.wp.com\\\/nhcommunityservices.org\\\/wp-content\\\/uploads\\\/2024\\\/08\\\/logo-NHS.png?fit=906%2C252&ssl=1\",\"contentUrl\":\"https:\\\/\\\/i0.wp.com\\\/nhcommunityservices.org\\\/wp-content\\\/uploads\\\/2024\\\/08\\\/logo-NHS.png?fit=906%2C252&ssl=1\",\"width\":906,\"height\":252,\"caption\":\"New Horizons Community Services\"},\"image\":{\"@id\":\"https:\\\/\\\/nhcommunityservices.org\\\/#\\\/schema\\\/logo\\\/image\\\/\"},\"sameAs\":[\"https:\\\/\\\/www.facebook.com\\\/profile.php?id=100066802521575\"]}]}<\/script>\n<!-- \/ Yoast SEO plugin. -->","yoast_head_json":{"title":"Privacy Policy - https:\/\/nhcommunityservices.org","robots":{"index":"index","follow":"follow","max-snippet":"max-snippet:-1","max-image-preview":"max-image-preview:large","max-video-preview":"max-video-preview:-1"},"canonical":"https:\/\/nhcommunityservices.org\/es\/privacy-policy\/","og_locale":"es_MX","og_type":"article","og_title":"Privacy Policy - https:\/\/nhcommunityservices.org","og_description":"Privacy Policy 1. Information CollectedWelcome to New Horizons Community Services. This Privacy Policy outlines our [&hellip;]","og_url":"https:\/\/nhcommunityservices.org\/es\/privacy-policy\/","og_site_name":"https:\/\/nhcommunityservices.org","article_publisher":"https:\/\/www.facebook.com\/profile.php?id=100066802521575","article_modified_time":"2024-09-10T21:42:46+00:00","twitter_card":"summary_large_image","twitter_misc":{"Tiempo de lectura":"1 minuto"},"schema":{"@context":"https:\/\/schema.org","@graph":[{"@type":"WebPage","@id":"https:\/\/nhcommunityservices.org\/privacy-policy\/","url":"https:\/\/nhcommunityservices.org\/privacy-policy\/","name":"Privacy Policy - https:\/\/nhcommunityservices.org","isPartOf":{"@id":"https:\/\/nhcommunityservices.org\/#website"},"datePublished":"2023-08-17T02:57:22+00:00","dateModified":"2024-09-10T21:42:46+00:00","breadcrumb":{"@id":"https:\/\/nhcommunityservices.org\/privacy-policy\/#breadcrumb"},"inLanguage":"es","potentialAction":[{"@type":"ReadAction","target":["https:\/\/nhcommunityservices.org\/privacy-policy\/"]}]},{"@type":"BreadcrumbList","@id":"https:\/\/nhcommunityservices.org\/privacy-policy\/#breadcrumb","itemListElement":[{"@type":"ListItem","position":1,"name":"Home","item":"https:\/\/nhcommunityservices.org\/"},{"@type":"ListItem","position":2,"name":"Privacy Policy"}]},{"@type":"WebSite","@id":"https:\/\/nhcommunityservices.org\/#website","url":"https:\/\/nhcommunityservices.org\/","name":"https:\/\/nhcommunityservices.org","description":"New horizons community servicesBuilding communitiessince 2006","publisher":{"@id":"https:\/\/nhcommunityservices.org\/#organization"},"potentialAction":[{"@type":"SearchAction","target":{"@type":"EntryPoint","urlTemplate":"https:\/\/nhcommunityservices.org\/?s={search_term_string}"},"query-input":{"@type":"PropertyValueSpecification","valueRequired":true,"valueName":"search_term_string"}}],"inLanguage":"es"},{"@type":"Organization","@id":"https:\/\/nhcommunityservices.org\/#organization","name":"New Horizons Community Services","url":"https:\/\/nhcommunityservices.org\/","logo":{"@type":"ImageObject","inLanguage":"es","@id":"https:\/\/nhcommunityservices.org\/#\/schema\/logo\/image\/","url":"https:\/\/i0.wp.com\/nhcommunityservices.org\/wp-content\/uploads\/2024\/08\/logo-NHS.png?fit=906%2C252&ssl=1","contentUrl":"https:\/\/i0.wp.com\/nhcommunityservices.org\/wp-content\/uploads\/2024\/08\/logo-NHS.png?fit=906%2C252&ssl=1","width":906,"height":252,"caption":"New Horizons Community Services"},"image":{"@id":"https:\/\/nhcommunityservices.org\/#\/schema\/logo\/image\/"},"sameAs":["https:\/\/www.facebook.com\/profile.php?id=100066802521575"]}]}},"jetpack_sharing_enabled":true,"_links":{"self":[{"href":"https:\/\/nhcommunityservices.org\/es\/wp-json\/wp\/v2\/pages\/3","targetHints":{"allow":["GET"]}}],"collection":[{"href":"https:\/\/nhcommunityservices.org\/es\/wp-json\/wp\/v2\/pages"}],"about":[{"href":"https:\/\/nhcommunityservices.org\/es\/wp-json\/wp\/v2\/types\/page"}],"author":[{"embeddable":true,"href":"https:\/\/nhcommunityservices.org\/es\/wp-json\/wp\/v2\/users\/1"}],"replies":[{"embeddable":true,"href":"https:\/\/nhcommunityservices.org\/es\/wp-json\/wp\/v2\/comments?post=3"}],"version-history":[{"count":3,"href":"https:\/\/nhcommunityservices.org\/es\/wp-json\/wp\/v2\/pages\/3\/revisions"}],"predecessor-version":[{"id":341,"href":"https:\/\/nhcommunityservices.org\/es\/wp-json\/wp\/v2\/pages\/3\/revisions\/341"}],"wp:attachment":[{"href":"https:\/\/nhcommunityservices.org\/es\/wp-json\/wp\/v2\/media?parent=3"}],"curies":[{"name":"wp","href":"https:\/\/api.w.org\/{rel}","templated":true}]}}