{"id":24,"date":"2024-08-22T16:34:33","date_gmt":"2024-08-22T16:34:33","guid":{"rendered":"https:\/\/nhcommunityservices.org\/?page_id=24"},"modified":"2025-10-04T22:03:27","modified_gmt":"2025-10-04T22:03:27","slug":"services","status":"publish","type":"page","link":"https:\/\/nhcommunityservices.org\/es\/services\/","title":{"rendered":"Servicios"},"content":{"rendered":"<div class=\"wp-block-columns is-layout-flex wp-container-core-columns-is-layout-28f84493 wp-block-columns-is-layout-flex\">\n<div class=\"wp-block-column is-layout-flow wp-block-column-is-layout-flow\">\n<div class=\"wp-block-media-text is-stacked-on-mobile is-vertically-aligned-top nfd-wb-animate nfd-wb-fade-in-left-short\" style=\"grid-template-columns:48% auto\"><figure class=\"wp-block-media-text__media\"><img data-recalc-dims=\"1\" loading=\"lazy\" decoding=\"async\" width=\"249\" height=\"216\" src=\"https:\/\/i0.wp.com\/nhcommunityservices.org\/wp-content\/uploads\/2024\/08\/mental-health-icon-1.png?resize=249%2C216&#038;ssl=1\" alt=\"\" class=\"wp-image-165 size-full\"\/><\/figure><div class=\"wp-block-media-text__content\">\n<p class=\"\"><strong>Talleres Educativos para la Promoci\u00f3n y Prevenci\u00f3n de la Salud Mental<\/strong><\/p>\n\n\n\n<p class=\"has-normal-font-size\">Ofrecemos talleres especializados enfocados en la promoci\u00f3n de la salud mental y la prevenci\u00f3n de problemas de salud mental. Estas sesiones est\u00e1n dise\u00f1adas para educar a individuos y comunidades sobre el mantenimiento del bienestar mental.<\/p>\n<\/div><\/div>\n<\/div>\n\n\n\n<div class=\"wp-block-column is-layout-flow wp-block-column-is-layout-flow\">\n<div class=\"wp-block-media-text is-stacked-on-mobile is-vertically-aligned-top nfd-wb-animate nfd-wb-fade-in-right-short\"><figure class=\"wp-block-media-text__media\"><img data-recalc-dims=\"1\" loading=\"lazy\" decoding=\"async\" width=\"249\" height=\"216\" src=\"https:\/\/i0.wp.com\/nhcommunityservices.org\/wp-content\/uploads\/2024\/08\/health-icon-1.png?resize=249%2C216&#038;ssl=1\" alt=\"\" class=\"wp-image-166 size-full\"\/><\/figure><div class=\"wp-block-media-text__content\">\n<p class=\"\"><strong>Campa\u00f1as de Salud con la Comunidad M\u00e9dica para el Bienestar Social<\/strong><\/p>\n\n\n\n<p class=\"has-normal-font-size\">Nuestras campa\u00f1as de salud colaboran con la comunidad m\u00e9dica para mejorar la salud p\u00fablica y el bienestar. Participamos en iniciativas que buscan mejorar la calidad de vida de todos los miembros de la sociedad.<\/p>\n<\/div><\/div>\n<\/div>\n<\/div>\n\n\n\n<div class=\"wp-block-columns is-layout-flex wp-container-core-columns-is-layout-28f84493 wp-block-columns-is-layout-flex\">\n<div class=\"wp-block-column is-layout-flow wp-block-column-is-layout-flow\">\n<div class=\"wp-block-media-text is-stacked-on-mobile is-vertically-aligned-top nfd-wb-animate nfd-wb-fade-in-left-short\"><figure class=\"wp-block-media-text__media\"><img data-recalc-dims=\"1\" loading=\"lazy\" decoding=\"async\" width=\"249\" height=\"216\" src=\"https:\/\/i0.wp.com\/nhcommunityservices.org\/wp-content\/uploads\/2024\/08\/communitary-projects-icon.png?resize=249%2C216&#038;ssl=1\" alt=\"\" class=\"wp-image-71 size-full\"\/><\/figure><div class=\"wp-block-media-text__content\">\n<p class=\"\"><strong>Desarrollo de Proyectos Comunitarios Dentro y Fuera de los Estados Unidos<\/strong><\/p>\n\n\n\n<p class=\"has-normal-font-size\">Desarrollamos e implementamos proyectos comunitarios tanto a nivel nacional como internacional. Nuestro objetivo es crear impactos positivos que contribuyan al crecimiento y la sostenibilidad de las comunidades.<\/p>\n<\/div><\/div>\n<\/div>\n\n\n\n<div class=\"wp-block-column is-layout-flow wp-block-column-is-layout-flow\">\n<div class=\"wp-block-media-text is-stacked-on-mobile is-vertically-aligned-top nfd-wb-animate nfd-wb-fade-in-right-short\"><figure class=\"wp-block-media-text__media\"><img data-recalc-dims=\"1\" loading=\"lazy\" decoding=\"async\" width=\"249\" height=\"216\" src=\"https:\/\/i0.wp.com\/nhcommunityservices.org\/wp-content\/uploads\/2024\/08\/support-icon.png?resize=249%2C216&#038;ssl=1\" alt=\"\" class=\"wp-image-106 size-full\"\/><\/figure><div class=\"wp-block-media-text__content\">\n<p class=\"\"><strong>Programas Sociales para el Apoyo y Desarrollo Comunitario<\/strong><\/p>\n\n\n\n<p class=\"has-normal-font-size\">Ofrecemos programas sociales orientados a apoyar y empoderar a la comunidad. Estos programas est\u00e1n dise\u00f1ados para fomentar el crecimiento, el desarrollo y el bienestar de individuos y grupos.<\/p>\n<\/div><\/div>\n<\/div>\n<\/div>\n\n\n\n<div class=\"wp-block-columns is-layout-flex wp-container-core-columns-is-layout-28f84493 wp-block-columns-is-layout-flex\">\n<div class=\"wp-block-column is-layout-flow wp-block-column-is-layout-flow\">\n<div class=\"wp-block-media-text is-stacked-on-mobile is-vertically-aligned-top nfd-wb-animate nfd-wb-fade-in-left-short\"><figure class=\"wp-block-media-text__media\"><img data-recalc-dims=\"1\" loading=\"lazy\" decoding=\"async\" width=\"249\" height=\"216\" src=\"https:\/\/i0.wp.com\/nhcommunityservices.org\/wp-content\/uploads\/2024\/08\/interactive-therapies-icon.png?resize=249%2C216&#038;ssl=1\" alt=\"\" class=\"wp-image-108 size-full\"\/><\/figure><div class=\"wp-block-media-text__content\">\n<p class=\"\"><strong>Terapias Interactivas: Arte, M\u00fasica, Sonidos, Colores, Animales y M\u00e1s<\/strong><\/p>\n\n\n\n<p class=\"has-normal-font-size\">Nuestras sesiones de terapia interactiva incorporan diversos elementos como arte, m\u00fasica, sonidos, colores y animales. Estas terapias est\u00e1n dise\u00f1adas para promover la sanaci\u00f3n, la creatividad y el bienestar emocional.<\/p>\n<\/div><\/div>\n<\/div>\n\n\n\n<div class=\"wp-block-column is-layout-flow wp-block-column-is-layout-flow\">\n<div class=\"wp-block-media-text is-stacked-on-mobile is-vertically-aligned-top nfd-wb-animate nfd-wb-fade-in-right-short\"><figure class=\"wp-block-media-text__media\"><img data-recalc-dims=\"1\" loading=\"lazy\" decoding=\"async\" width=\"249\" height=\"216\" src=\"https:\/\/i0.wp.com\/nhcommunityservices.org\/wp-content\/uploads\/2024\/08\/social-icon.png?resize=249%2C216&#038;ssl=1\" alt=\"\" class=\"wp-image-109 size-full\"\/><\/figure><div class=\"wp-block-media-text__content\">\n<p class=\"\"><strong>Eventos Interactivos para la Promoci\u00f3n y Prevenci\u00f3n del Desarrollo Social<\/strong><\/p>\n\n\n\n<p class=\"has-normal-font-size\">Organizamos eventos interactivos enfocados en promover el desarrollo social y prevenir problemas sociales. Estos eventos involucran a la comunidad en actividades significativas que apoyan el crecimiento personal y colectivo.<\/p>\n<\/div><\/div>\n<\/div>\n<\/div>","protected":false},"excerpt":{"rendered":"<p>Educational Workshops for Mental Health Promotion and Prevention We offer specialized workshops focused on promoting [&hellip;]<\/p>\n","protected":false},"author":2,"featured_media":0,"parent":0,"menu_order":0,"comment_status":"closed","ping_status":"closed","template":"wp-custom-template-nhcs-services","meta":{"nf_dc_page":"","om_disable_all_campaigns":false,"_monsterinsights_skip_tracking":false,"_monsterinsights_sitenote_active":false,"_monsterinsights_sitenote_note":"","_monsterinsights_sitenote_category":0,"footnotes":""},"class_list":["post-24","page","type-page","status-publish","hentry"],"yoast_head":"<!-- This site is optimized with the Yoast SEO plugin v27.4 - https:\/\/yoast.com\/product\/yoast-seo-wordpress\/ -->\n<title>Services - https:\/\/nhcommunityservices.org<\/title>\n<meta name=\"robots\" content=\"index, follow, max-snippet:-1, max-image-preview:large, max-video-preview:-1\" \/>\n<link rel=\"canonical\" href=\"https:\/\/nhcommunityservices.org\/es\/services\/\" \/>\n<meta property=\"og:locale\" content=\"es_MX\" \/>\n<meta property=\"og:type\" content=\"article\" \/>\n<meta property=\"og:title\" content=\"Services - https:\/\/nhcommunityservices.org\" \/>\n<meta property=\"og:description\" content=\"Educational Workshops for Mental Health Promotion and Prevention We offer specialized workshops focused on promoting [&hellip;]\" \/>\n<meta property=\"og:url\" content=\"https:\/\/nhcommunityservices.org\/es\/services\/\" \/>\n<meta property=\"og:site_name\" content=\"https:\/\/nhcommunityservices.org\" \/>\n<meta property=\"article:publisher\" content=\"https:\/\/www.facebook.com\/profile.php?id=100066802521575\" \/>\n<meta property=\"article:modified_time\" content=\"2025-10-04T22:03:27+00:00\" \/>\n<meta property=\"og:image\" content=\"https:\/\/nhcommunityservices.org\/wp-content\/uploads\/2024\/08\/mental-health-icon-1.png\" \/>\n<meta name=\"twitter:card\" content=\"summary_large_image\" \/>\n<meta name=\"twitter:label1\" content=\"Tiempo de lectura\" \/>\n\t<meta name=\"twitter:data1\" content=\"3 minutos\" \/>\n<script type=\"application\/ld+json\" class=\"yoast-schema-graph\">{\"@context\":\"https:\\\/\\\/schema.org\",\"@graph\":[{\"@type\":\"WebPage\",\"@id\":\"https:\\\/\\\/nhcommunityservices.org\\\/services\\\/\",\"url\":\"https:\\\/\\\/nhcommunityservices.org\\\/services\\\/\",\"name\":\"Services - https:\\\/\\\/nhcommunityservices.org\",\"isPartOf\":{\"@id\":\"https:\\\/\\\/nhcommunityservices.org\\\/#website\"},\"primaryImageOfPage\":{\"@id\":\"https:\\\/\\\/nhcommunityservices.org\\\/services\\\/#primaryimage\"},\"image\":{\"@id\":\"https:\\\/\\\/nhcommunityservices.org\\\/services\\\/#primaryimage\"},\"thumbnailUrl\":\"https:\\\/\\\/nhcommunityservices.org\\\/wp-content\\\/uploads\\\/2024\\\/08\\\/mental-health-icon-1.png\",\"datePublished\":\"2024-08-22T16:34:33+00:00\",\"dateModified\":\"2025-10-04T22:03:27+00:00\",\"breadcrumb\":{\"@id\":\"https:\\\/\\\/nhcommunityservices.org\\\/services\\\/#breadcrumb\"},\"inLanguage\":\"es\",\"potentialAction\":[{\"@type\":\"ReadAction\",\"target\":[\"https:\\\/\\\/nhcommunityservices.org\\\/services\\\/\"]}]},{\"@type\":\"ImageObject\",\"inLanguage\":\"es\",\"@id\":\"https:\\\/\\\/nhcommunityservices.org\\\/services\\\/#primaryimage\",\"url\":\"https:\\\/\\\/nhcommunityservices.org\\\/wp-content\\\/uploads\\\/2024\\\/08\\\/mental-health-icon-1.png\",\"contentUrl\":\"https:\\\/\\\/nhcommunityservices.org\\\/wp-content\\\/uploads\\\/2024\\\/08\\\/mental-health-icon-1.png\"},{\"@type\":\"BreadcrumbList\",\"@id\":\"https:\\\/\\\/nhcommunityservices.org\\\/services\\\/#breadcrumb\",\"itemListElement\":[{\"@type\":\"ListItem\",\"position\":1,\"name\":\"Home\",\"item\":\"https:\\\/\\\/nhcommunityservices.org\\\/\"},{\"@type\":\"ListItem\",\"position\":2,\"name\":\"Services\"}]},{\"@type\":\"WebSite\",\"@id\":\"https:\\\/\\\/nhcommunityservices.org\\\/#website\",\"url\":\"https:\\\/\\\/nhcommunityservices.org\\\/\",\"name\":\"https:\\\/\\\/nhcommunityservices.org\",\"description\":\"New horizons community servicesBuilding communitiessince 2006\",\"publisher\":{\"@id\":\"https:\\\/\\\/nhcommunityservices.org\\\/#organization\"},\"potentialAction\":[{\"@type\":\"SearchAction\",\"target\":{\"@type\":\"EntryPoint\",\"urlTemplate\":\"https:\\\/\\\/nhcommunityservices.org\\\/?s={search_term_string}\"},\"query-input\":{\"@type\":\"PropertyValueSpecification\",\"valueRequired\":true,\"valueName\":\"search_term_string\"}}],\"inLanguage\":\"es\"},{\"@type\":\"Organization\",\"@id\":\"https:\\\/\\\/nhcommunityservices.org\\\/#organization\",\"name\":\"New Horizons Community Services\",\"url\":\"https:\\\/\\\/nhcommunityservices.org\\\/\",\"logo\":{\"@type\":\"ImageObject\",\"inLanguage\":\"es\",\"@id\":\"https:\\\/\\\/nhcommunityservices.org\\\/#\\\/schema\\\/logo\\\/image\\\/\",\"url\":\"https:\\\/\\\/i0.wp.com\\\/nhcommunityservices.org\\\/wp-content\\\/uploads\\\/2024\\\/08\\\/logo-NHS.png?fit=906%2C252&ssl=1\",\"contentUrl\":\"https:\\\/\\\/i0.wp.com\\\/nhcommunityservices.org\\\/wp-content\\\/uploads\\\/2024\\\/08\\\/logo-NHS.png?fit=906%2C252&ssl=1\",\"width\":906,\"height\":252,\"caption\":\"New Horizons Community Services\"},\"image\":{\"@id\":\"https:\\\/\\\/nhcommunityservices.org\\\/#\\\/schema\\\/logo\\\/image\\\/\"},\"sameAs\":[\"https:\\\/\\\/www.facebook.com\\\/profile.php?id=100066802521575\"]}]}<\/script>\n<!-- \/ Yoast SEO plugin. -->","yoast_head_json":{"title":"Services - https:\/\/nhcommunityservices.org","robots":{"index":"index","follow":"follow","max-snippet":"max-snippet:-1","max-image-preview":"max-image-preview:large","max-video-preview":"max-video-preview:-1"},"canonical":"https:\/\/nhcommunityservices.org\/es\/services\/","og_locale":"es_MX","og_type":"article","og_title":"Services - https:\/\/nhcommunityservices.org","og_description":"Educational Workshops for Mental Health Promotion and Prevention We offer specialized workshops focused on promoting [&hellip;]","og_url":"https:\/\/nhcommunityservices.org\/es\/services\/","og_site_name":"https:\/\/nhcommunityservices.org","article_publisher":"https:\/\/www.facebook.com\/profile.php?id=100066802521575","article_modified_time":"2025-10-04T22:03:27+00:00","og_image":[{"url":"https:\/\/nhcommunityservices.org\/wp-content\/uploads\/2024\/08\/mental-health-icon-1.png","type":"","width":"","height":""}],"twitter_card":"summary_large_image","twitter_misc":{"Tiempo de lectura":"3 minutos"},"schema":{"@context":"https:\/\/schema.org","@graph":[{"@type":"WebPage","@id":"https:\/\/nhcommunityservices.org\/services\/","url":"https:\/\/nhcommunityservices.org\/services\/","name":"Services - https:\/\/nhcommunityservices.org","isPartOf":{"@id":"https:\/\/nhcommunityservices.org\/#website"},"primaryImageOfPage":{"@id":"https:\/\/nhcommunityservices.org\/services\/#primaryimage"},"image":{"@id":"https:\/\/nhcommunityservices.org\/services\/#primaryimage"},"thumbnailUrl":"https:\/\/nhcommunityservices.org\/wp-content\/uploads\/2024\/08\/mental-health-icon-1.png","datePublished":"2024-08-22T16:34:33+00:00","dateModified":"2025-10-04T22:03:27+00:00","breadcrumb":{"@id":"https:\/\/nhcommunityservices.org\/services\/#breadcrumb"},"inLanguage":"es","potentialAction":[{"@type":"ReadAction","target":["https:\/\/nhcommunityservices.org\/services\/"]}]},{"@type":"ImageObject","inLanguage":"es","@id":"https:\/\/nhcommunityservices.org\/services\/#primaryimage","url":"https:\/\/nhcommunityservices.org\/wp-content\/uploads\/2024\/08\/mental-health-icon-1.png","contentUrl":"https:\/\/nhcommunityservices.org\/wp-content\/uploads\/2024\/08\/mental-health-icon-1.png"},{"@type":"BreadcrumbList","@id":"https:\/\/nhcommunityservices.org\/services\/#breadcrumb","itemListElement":[{"@type":"ListItem","position":1,"name":"Home","item":"https:\/\/nhcommunityservices.org\/"},{"@type":"ListItem","position":2,"name":"Services"}]},{"@type":"WebSite","@id":"https:\/\/nhcommunityservices.org\/#website","url":"https:\/\/nhcommunityservices.org\/","name":"https:\/\/nhcommunityservices.org","description":"New horizons community servicesBuilding communitiessince 2006","publisher":{"@id":"https:\/\/nhcommunityservices.org\/#organization"},"potentialAction":[{"@type":"SearchAction","target":{"@type":"EntryPoint","urlTemplate":"https:\/\/nhcommunityservices.org\/?s={search_term_string}"},"query-input":{"@type":"PropertyValueSpecification","valueRequired":true,"valueName":"search_term_string"}}],"inLanguage":"es"},{"@type":"Organization","@id":"https:\/\/nhcommunityservices.org\/#organization","name":"New Horizons Community Services","url":"https:\/\/nhcommunityservices.org\/","logo":{"@type":"ImageObject","inLanguage":"es","@id":"https:\/\/nhcommunityservices.org\/#\/schema\/logo\/image\/","url":"https:\/\/i0.wp.com\/nhcommunityservices.org\/wp-content\/uploads\/2024\/08\/logo-NHS.png?fit=906%2C252&ssl=1","contentUrl":"https:\/\/i0.wp.com\/nhcommunityservices.org\/wp-content\/uploads\/2024\/08\/logo-NHS.png?fit=906%2C252&ssl=1","width":906,"height":252,"caption":"New Horizons Community Services"},"image":{"@id":"https:\/\/nhcommunityservices.org\/#\/schema\/logo\/image\/"},"sameAs":["https:\/\/www.facebook.com\/profile.php?id=100066802521575"]}]}},"jetpack_sharing_enabled":true,"_links":{"self":[{"href":"https:\/\/nhcommunityservices.org\/es\/wp-json\/wp\/v2\/pages\/24","targetHints":{"allow":["GET"]}}],"collection":[{"href":"https:\/\/nhcommunityservices.org\/es\/wp-json\/wp\/v2\/pages"}],"about":[{"href":"https:\/\/nhcommunityservices.org\/es\/wp-json\/wp\/v2\/types\/page"}],"author":[{"embeddable":true,"href":"https:\/\/nhcommunityservices.org\/es\/wp-json\/wp\/v2\/users\/2"}],"replies":[{"embeddable":true,"href":"https:\/\/nhcommunityservices.org\/es\/wp-json\/wp\/v2\/comments?post=24"}],"version-history":[{"count":6,"href":"https:\/\/nhcommunityservices.org\/es\/wp-json\/wp\/v2\/pages\/24\/revisions"}],"predecessor-version":[{"id":585,"href":"https:\/\/nhcommunityservices.org\/es\/wp-json\/wp\/v2\/pages\/24\/revisions\/585"}],"wp:attachment":[{"href":"https:\/\/nhcommunityservices.org\/es\/wp-json\/wp\/v2\/media?parent=24"}],"curies":[{"name":"wp","href":"https:\/\/api.w.org\/{rel}","templated":true}]}}