{"id":21,"date":"2024-08-22T16:33:52","date_gmt":"2024-08-22T16:33:52","guid":{"rendered":"https:\/\/nhcommunityservices.org\/?page_id=21"},"modified":"2024-09-04T21:40:29","modified_gmt":"2024-09-04T21:40:29","slug":"who-we-are","status":"publish","type":"page","link":"https:\/\/nhcommunityservices.org\/es\/who-we-are\/","title":{"rendered":"\u00bfQuienes Somos?"},"content":{"rendered":"<p class=\"has-text-align-center has-large-font-size\"><strong>Who We Are?<\/strong><\/p>\n\n\n\n<div class=\"wp-block-media-text is-stacked-on-mobile is-image-fill\" style=\"grid-template-columns:36% auto\"><figure class=\"wp-block-media-text__media\" style=\"background-image:url(https:\/\/nhcommunityservices.org\/wp-content\/uploads\/2024\/08\/Johnatan-Beltran-292x300.jpg);background-position:52% 12%\"><img data-recalc-dims=\"1\" loading=\"lazy\" decoding=\"async\" width=\"292\" height=\"300\" src=\"https:\/\/i0.wp.com\/nhcommunityservices.org\/wp-content\/uploads\/2024\/08\/Johnatan-Beltran.jpg?resize=292%2C300&#038;ssl=1\" alt=\"\" class=\"wp-image-156 size-medium\" srcset=\"https:\/\/i0.wp.com\/nhcommunityservices.org\/wp-content\/uploads\/2024\/08\/Johnatan-Beltran.jpg?resize=292%2C300&amp;ssl=1 292w, https:\/\/i0.wp.com\/nhcommunityservices.org\/wp-content\/uploads\/2024\/08\/Johnatan-Beltran.jpg?w=603&amp;ssl=1 603w\" sizes=\"auto, (max-width: 292px) 100vw, 292px\" \/><\/figure><div class=\"wp-block-media-text__content\">\n<p class=\"has-text-align-center has-large-font-size\"><strong><mark style=\"background-color:rgba(0, 0, 0, 0)\" class=\"has-inline-color has-secondary-color\">Johnathan Beltr\u00e1n<\/mark><\/strong><\/p>\n\n\n\n<p class=\"has-text-align-center\">Vicepresidente<\/p>\n<\/div><\/div>\n\n\n\n<div class=\"wp-block-media-text is-stacked-on-mobile is-image-fill\" style=\"grid-template-columns:36% auto\"><figure class=\"wp-block-media-text__media\" style=\"background-image:url(https:\/\/nhcommunityservices.org\/wp-content\/uploads\/2024\/08\/Ruth-E-Mora-636x1024.jpg);background-position:81% 44%\"><img data-recalc-dims=\"1\" loading=\"lazy\" decoding=\"async\" width=\"636\" height=\"1024\" src=\"https:\/\/i0.wp.com\/nhcommunityservices.org\/wp-content\/uploads\/2024\/08\/Ruth-E-Mora.jpg?resize=636%2C1024&#038;ssl=1\" alt=\"\" class=\"wp-image-157 size-full\"\/><\/figure><div class=\"wp-block-media-text__content\">\n<p class=\"has-text-align-center has-large-font-size\"><strong>Ruth E. Mora<\/strong><\/p>\n\n\n\n<p class=\"has-text-align-center\">Directora General de Operaciones<\/p>\n<\/div><\/div>\n\n\n\n<div class=\"wp-block-media-text is-stacked-on-mobile is-image-fill\" style=\"grid-template-columns:36% auto\"><figure class=\"wp-block-media-text__media\" style=\"background-image:url(https:\/\/nhcommunityservices.org\/wp-content\/uploads\/2024\/08\/Angelica-Gomez-1024x984.jpg);background-position:50% 51%\"><img data-recalc-dims=\"1\" loading=\"lazy\" decoding=\"async\" width=\"1024\" height=\"984\" src=\"https:\/\/i0.wp.com\/nhcommunityservices.org\/wp-content\/uploads\/2024\/08\/Angelica-Gomez.jpg?resize=1024%2C984&#038;ssl=1\" alt=\"\" class=\"wp-image-158 size-full\" srcset=\"https:\/\/i0.wp.com\/nhcommunityservices.org\/wp-content\/uploads\/2024\/08\/Angelica-Gomez.jpg?resize=1024%2C984&amp;ssl=1 1024w, https:\/\/i0.wp.com\/nhcommunityservices.org\/wp-content\/uploads\/2024\/08\/Angelica-Gomez.jpg?resize=300%2C288&amp;ssl=1 300w, https:\/\/i0.wp.com\/nhcommunityservices.org\/wp-content\/uploads\/2024\/08\/Angelica-Gomez.jpg?resize=768%2C738&amp;ssl=1 768w, https:\/\/i0.wp.com\/nhcommunityservices.org\/wp-content\/uploads\/2024\/08\/Angelica-Gomez.jpg?resize=1536%2C1475&amp;ssl=1 1536w, https:\/\/i0.wp.com\/nhcommunityservices.org\/wp-content\/uploads\/2024\/08\/Angelica-Gomez.jpg?resize=2048%2C1967&amp;ssl=1 2048w\" sizes=\"auto, (max-width: 1000px) 100vw, 1000px\" \/><\/figure><div class=\"wp-block-media-text__content\">\n<p class=\"has-text-align-center has-large-font-size\"><strong>Ang\u00e9lica G\u00f3mez<\/strong><\/p>\n\n\n\n<p class=\"has-text-align-center\">Artista &amp; Dise\u00f1adora<\/p>\n<\/div><\/div>\n\n\n\n<div class=\"wp-block-media-text is-stacked-on-mobile is-image-fill\" style=\"grid-template-columns:36% auto\"><figure class=\"wp-block-media-text__media\" style=\"background-image:url(https:\/\/nhcommunityservices.org\/wp-content\/uploads\/2024\/08\/Julian-David-Beltran-1024x996.jpg);background-position:52% 3%\"><img data-recalc-dims=\"1\" loading=\"lazy\" decoding=\"async\" width=\"1024\" height=\"996\" src=\"https:\/\/i0.wp.com\/nhcommunityservices.org\/wp-content\/uploads\/2024\/08\/Julian-David-Beltran.jpg?resize=1024%2C996&#038;ssl=1\" alt=\"\" class=\"wp-image-159 size-full\" srcset=\"https:\/\/i0.wp.com\/nhcommunityservices.org\/wp-content\/uploads\/2024\/08\/Julian-David-Beltran.jpg?resize=1024%2C996&amp;ssl=1 1024w, https:\/\/i0.wp.com\/nhcommunityservices.org\/wp-content\/uploads\/2024\/08\/Julian-David-Beltran.jpg?resize=300%2C292&amp;ssl=1 300w, https:\/\/i0.wp.com\/nhcommunityservices.org\/wp-content\/uploads\/2024\/08\/Julian-David-Beltran.jpg?resize=768%2C747&amp;ssl=1 768w, https:\/\/i0.wp.com\/nhcommunityservices.org\/wp-content\/uploads\/2024\/08\/Julian-David-Beltran.jpg?w=1277&amp;ssl=1 1277w\" sizes=\"auto, (max-width: 1000px) 100vw, 1000px\" \/><\/figure><div class=\"wp-block-media-text__content\">\n<p class=\"has-text-align-center has-large-font-size\"><strong>Juli\u00e1n David Beltr\u00e1n<\/strong><\/p>\n\n\n\n<p class=\"has-text-align-center\">Dise\u00f1ador Gr\u00e1fico<\/p>\n<\/div><\/div>\n\n\n\n<div class=\"wp-block-media-text is-stacked-on-mobile is-image-fill\" style=\"grid-template-columns:36% auto\"><figure class=\"wp-block-media-text__media\" style=\"background-image:url(https:\/\/nhcommunityservices.org\/wp-content\/uploads\/2024\/08\/untitled-9214-copy-2square-1024x1024.jpg);background-position:65% 21%\"><img data-recalc-dims=\"1\" loading=\"lazy\" decoding=\"async\" width=\"1024\" height=\"1024\" src=\"https:\/\/i0.wp.com\/nhcommunityservices.org\/wp-content\/uploads\/2024\/08\/untitled-9214-copy-2square.jpg?resize=1024%2C1024&#038;ssl=1\" alt=\"\" class=\"wp-image-285 size-full\" srcset=\"https:\/\/i0.wp.com\/nhcommunityservices.org\/wp-content\/uploads\/2024\/08\/untitled-9214-copy-2square-scaled.jpg?resize=1024%2C1024&amp;ssl=1 1024w, https:\/\/i0.wp.com\/nhcommunityservices.org\/wp-content\/uploads\/2024\/08\/untitled-9214-copy-2square-scaled.jpg?resize=300%2C300&amp;ssl=1 300w, https:\/\/i0.wp.com\/nhcommunityservices.org\/wp-content\/uploads\/2024\/08\/untitled-9214-copy-2square-scaled.jpg?resize=150%2C150&amp;ssl=1 150w, https:\/\/i0.wp.com\/nhcommunityservices.org\/wp-content\/uploads\/2024\/08\/untitled-9214-copy-2square-scaled.jpg?resize=768%2C768&amp;ssl=1 768w, https:\/\/i0.wp.com\/nhcommunityservices.org\/wp-content\/uploads\/2024\/08\/untitled-9214-copy-2square-scaled.jpg?resize=1536%2C1536&amp;ssl=1 1536w, https:\/\/i0.wp.com\/nhcommunityservices.org\/wp-content\/uploads\/2024\/08\/untitled-9214-copy-2square-scaled.jpg?resize=2048%2C2048&amp;ssl=1 2048w, https:\/\/i0.wp.com\/nhcommunityservices.org\/wp-content\/uploads\/2024\/08\/untitled-9214-copy-2square-scaled.jpg?resize=12%2C12&amp;ssl=1 12w\" sizes=\"auto, (max-width: 1000px) 100vw, 1000px\" \/><\/figure><div class=\"wp-block-media-text__content\">\n<p class=\"has-text-align-center has-large-font-size\"><strong><mark style=\"background-color:rgba(0, 0, 0, 0)\" class=\"has-inline-color has-secondary-color\">Libertad Rodr\u00edguez<\/mark><\/strong><\/p>\n\n\n\n<p class=\"has-text-align-center\">Dise\u00f1adora Arquitect\u00f3nica y Fot\u00f3grafa de Dise\u00f1o de Interiores<\/p>\n<\/div><\/div>\n\n\n\n<div class=\"wp-block-media-text is-stacked-on-mobile is-image-fill\" style=\"grid-template-columns:37% auto\"><figure class=\"wp-block-media-text__media\" style=\"background-image:url(https:\/\/nhcommunityservices.org\/wp-content\/uploads\/2024\/09\/image_50414593-1015x1024.jpg);background-position:48% 45%\"><img data-recalc-dims=\"1\" loading=\"lazy\" decoding=\"async\" width=\"1015\" height=\"1024\" src=\"https:\/\/i0.wp.com\/nhcommunityservices.org\/wp-content\/uploads\/2024\/09\/image_50414593.jpg?resize=1015%2C1024&#038;ssl=1\" alt=\"\" class=\"wp-image-321 size-full\" srcset=\"https:\/\/i0.wp.com\/nhcommunityservices.org\/wp-content\/uploads\/2024\/09\/image_50414593.jpg?resize=1015%2C1024&amp;ssl=1 1015w, https:\/\/i0.wp.com\/nhcommunityservices.org\/wp-content\/uploads\/2024\/09\/image_50414593.jpg?resize=297%2C300&amp;ssl=1 297w, https:\/\/i0.wp.com\/nhcommunityservices.org\/wp-content\/uploads\/2024\/09\/image_50414593.jpg?resize=150%2C150&amp;ssl=1 150w, https:\/\/i0.wp.com\/nhcommunityservices.org\/wp-content\/uploads\/2024\/09\/image_50414593.jpg?resize=768%2C775&amp;ssl=1 768w, https:\/\/i0.wp.com\/nhcommunityservices.org\/wp-content\/uploads\/2024\/09\/image_50414593.jpg?resize=12%2C12&amp;ssl=1 12w, https:\/\/i0.wp.com\/nhcommunityservices.org\/wp-content\/uploads\/2024\/09\/image_50414593.jpg?w=1060&amp;ssl=1 1060w\" sizes=\"auto, (max-width: 1000px) 100vw, 1000px\" \/><\/figure><div class=\"wp-block-media-text__content\">\n<p class=\"has-text-align-center has-large-font-size\"><strong>Patricia Silva Fern\u00e1ndez<\/strong><\/p>\n\n\n\n<p class=\"has-text-align-center\">Terapista F\u00edsico y Educadora<\/p>\n<\/div><\/div>\n\n\n\n<p class=\"has-text-align-center has-large-font-size\"><strong>Shani Beltr\u00e1n<\/strong><\/p>\n\n\n\n<p class=\"has-text-align-center\">Directora Ejecutiva<\/p>","protected":false},"excerpt":{"rendered":"<p>Who We Are? Johnathan Beltr\u00e1n Vice-president Ruth E. Mora Chief Operating Officer Ang\u00e9lica G\u00f3mez Artist [&hellip;]<\/p>\n","protected":false},"author":2,"featured_media":0,"parent":0,"menu_order":0,"comment_status":"closed","ping_status":"closed","template":"","meta":{"nf_dc_page":"","om_disable_all_campaigns":false,"_monsterinsights_skip_tracking":false,"_monsterinsights_sitenote_active":false,"_monsterinsights_sitenote_note":"","_monsterinsights_sitenote_category":0,"footnotes":""},"class_list":["post-21","page","type-page","status-publish","hentry"],"yoast_head":"<!-- This site is optimized with the Yoast SEO plugin v27.4 - https:\/\/yoast.com\/product\/yoast-seo-wordpress\/ -->\n<title>Who we are? - https:\/\/nhcommunityservices.org<\/title>\n<meta name=\"robots\" content=\"index, follow, max-snippet:-1, max-image-preview:large, max-video-preview:-1\" \/>\n<link rel=\"canonical\" href=\"https:\/\/nhcommunityservices.org\/es\/who-we-are\/\" \/>\n<meta property=\"og:locale\" content=\"es_MX\" \/>\n<meta property=\"og:type\" content=\"article\" \/>\n<meta property=\"og:title\" content=\"Who we are? - https:\/\/nhcommunityservices.org\" \/>\n<meta property=\"og:description\" content=\"Who We Are? Johnathan Beltr\u00e1n Vice-president Ruth E. Mora Chief Operating Officer Ang\u00e9lica G\u00f3mez Artist [&hellip;]\" \/>\n<meta property=\"og:url\" content=\"https:\/\/nhcommunityservices.org\/es\/who-we-are\/\" \/>\n<meta property=\"og:site_name\" content=\"https:\/\/nhcommunityservices.org\" \/>\n<meta property=\"article:publisher\" content=\"https:\/\/www.facebook.com\/profile.php?id=100066802521575\" \/>\n<meta property=\"article:modified_time\" content=\"2024-09-04T21:40:29+00:00\" \/>\n<meta property=\"og:image\" content=\"https:\/\/nhcommunityservices.org\/wp-content\/uploads\/2024\/08\/Johnatan-Beltran-292x300.jpg\" \/>\n<meta name=\"twitter:card\" content=\"summary_large_image\" \/>\n<script type=\"application\/ld+json\" class=\"yoast-schema-graph\">{\"@context\":\"https:\\\/\\\/schema.org\",\"@graph\":[{\"@type\":\"WebPage\",\"@id\":\"https:\\\/\\\/nhcommunityservices.org\\\/who-we-are\\\/\",\"url\":\"https:\\\/\\\/nhcommunityservices.org\\\/who-we-are\\\/\",\"name\":\"Who we are? - https:\\\/\\\/nhcommunityservices.org\",\"isPartOf\":{\"@id\":\"https:\\\/\\\/nhcommunityservices.org\\\/#website\"},\"primaryImageOfPage\":{\"@id\":\"https:\\\/\\\/nhcommunityservices.org\\\/who-we-are\\\/#primaryimage\"},\"image\":{\"@id\":\"https:\\\/\\\/nhcommunityservices.org\\\/who-we-are\\\/#primaryimage\"},\"thumbnailUrl\":\"https:\\\/\\\/nhcommunityservices.org\\\/wp-content\\\/uploads\\\/2024\\\/08\\\/Johnatan-Beltran-292x300.jpg\",\"datePublished\":\"2024-08-22T16:33:52+00:00\",\"dateModified\":\"2024-09-04T21:40:29+00:00\",\"breadcrumb\":{\"@id\":\"https:\\\/\\\/nhcommunityservices.org\\\/who-we-are\\\/#breadcrumb\"},\"inLanguage\":\"es\",\"potentialAction\":[{\"@type\":\"ReadAction\",\"target\":[\"https:\\\/\\\/nhcommunityservices.org\\\/who-we-are\\\/\"]}]},{\"@type\":\"ImageObject\",\"inLanguage\":\"es\",\"@id\":\"https:\\\/\\\/nhcommunityservices.org\\\/who-we-are\\\/#primaryimage\",\"url\":\"https:\\\/\\\/nhcommunityservices.org\\\/wp-content\\\/uploads\\\/2024\\\/08\\\/Johnatan-Beltran-292x300.jpg\",\"contentUrl\":\"https:\\\/\\\/nhcommunityservices.org\\\/wp-content\\\/uploads\\\/2024\\\/08\\\/Johnatan-Beltran-292x300.jpg\"},{\"@type\":\"BreadcrumbList\",\"@id\":\"https:\\\/\\\/nhcommunityservices.org\\\/who-we-are\\\/#breadcrumb\",\"itemListElement\":[{\"@type\":\"ListItem\",\"position\":1,\"name\":\"Home\",\"item\":\"https:\\\/\\\/nhcommunityservices.org\\\/\"},{\"@type\":\"ListItem\",\"position\":2,\"name\":\"Who we are?\"}]},{\"@type\":\"WebSite\",\"@id\":\"https:\\\/\\\/nhcommunityservices.org\\\/#website\",\"url\":\"https:\\\/\\\/nhcommunityservices.org\\\/\",\"name\":\"https:\\\/\\\/nhcommunityservices.org\",\"description\":\"New horizons community servicesBuilding communitiessince 2006\",\"publisher\":{\"@id\":\"https:\\\/\\\/nhcommunityservices.org\\\/#organization\"},\"potentialAction\":[{\"@type\":\"SearchAction\",\"target\":{\"@type\":\"EntryPoint\",\"urlTemplate\":\"https:\\\/\\\/nhcommunityservices.org\\\/?s={search_term_string}\"},\"query-input\":{\"@type\":\"PropertyValueSpecification\",\"valueRequired\":true,\"valueName\":\"search_term_string\"}}],\"inLanguage\":\"es\"},{\"@type\":\"Organization\",\"@id\":\"https:\\\/\\\/nhcommunityservices.org\\\/#organization\",\"name\":\"New Horizons Community Services\",\"url\":\"https:\\\/\\\/nhcommunityservices.org\\\/\",\"logo\":{\"@type\":\"ImageObject\",\"inLanguage\":\"es\",\"@id\":\"https:\\\/\\\/nhcommunityservices.org\\\/#\\\/schema\\\/logo\\\/image\\\/\",\"url\":\"https:\\\/\\\/i0.wp.com\\\/nhcommunityservices.org\\\/wp-content\\\/uploads\\\/2024\\\/08\\\/logo-NHS.png?fit=906%2C252&ssl=1\",\"contentUrl\":\"https:\\\/\\\/i0.wp.com\\\/nhcommunityservices.org\\\/wp-content\\\/uploads\\\/2024\\\/08\\\/logo-NHS.png?fit=906%2C252&ssl=1\",\"width\":906,\"height\":252,\"caption\":\"New Horizons Community Services\"},\"image\":{\"@id\":\"https:\\\/\\\/nhcommunityservices.org\\\/#\\\/schema\\\/logo\\\/image\\\/\"},\"sameAs\":[\"https:\\\/\\\/www.facebook.com\\\/profile.php?id=100066802521575\"]}]}<\/script>\n<!-- \/ Yoast SEO plugin. -->","yoast_head_json":{"title":"Who we are? - https:\/\/nhcommunityservices.org","robots":{"index":"index","follow":"follow","max-snippet":"max-snippet:-1","max-image-preview":"max-image-preview:large","max-video-preview":"max-video-preview:-1"},"canonical":"https:\/\/nhcommunityservices.org\/es\/who-we-are\/","og_locale":"es_MX","og_type":"article","og_title":"Who we are? - https:\/\/nhcommunityservices.org","og_description":"Who We Are? Johnathan Beltr\u00e1n Vice-president Ruth E. Mora Chief Operating Officer Ang\u00e9lica G\u00f3mez Artist [&hellip;]","og_url":"https:\/\/nhcommunityservices.org\/es\/who-we-are\/","og_site_name":"https:\/\/nhcommunityservices.org","article_publisher":"https:\/\/www.facebook.com\/profile.php?id=100066802521575","article_modified_time":"2024-09-04T21:40:29+00:00","og_image":[{"url":"https:\/\/nhcommunityservices.org\/wp-content\/uploads\/2024\/08\/Johnatan-Beltran-292x300.jpg","type":"","width":"","height":""}],"twitter_card":"summary_large_image","schema":{"@context":"https:\/\/schema.org","@graph":[{"@type":"WebPage","@id":"https:\/\/nhcommunityservices.org\/who-we-are\/","url":"https:\/\/nhcommunityservices.org\/who-we-are\/","name":"Who we are? - https:\/\/nhcommunityservices.org","isPartOf":{"@id":"https:\/\/nhcommunityservices.org\/#website"},"primaryImageOfPage":{"@id":"https:\/\/nhcommunityservices.org\/who-we-are\/#primaryimage"},"image":{"@id":"https:\/\/nhcommunityservices.org\/who-we-are\/#primaryimage"},"thumbnailUrl":"https:\/\/nhcommunityservices.org\/wp-content\/uploads\/2024\/08\/Johnatan-Beltran-292x300.jpg","datePublished":"2024-08-22T16:33:52+00:00","dateModified":"2024-09-04T21:40:29+00:00","breadcrumb":{"@id":"https:\/\/nhcommunityservices.org\/who-we-are\/#breadcrumb"},"inLanguage":"es","potentialAction":[{"@type":"ReadAction","target":["https:\/\/nhcommunityservices.org\/who-we-are\/"]}]},{"@type":"ImageObject","inLanguage":"es","@id":"https:\/\/nhcommunityservices.org\/who-we-are\/#primaryimage","url":"https:\/\/nhcommunityservices.org\/wp-content\/uploads\/2024\/08\/Johnatan-Beltran-292x300.jpg","contentUrl":"https:\/\/nhcommunityservices.org\/wp-content\/uploads\/2024\/08\/Johnatan-Beltran-292x300.jpg"},{"@type":"BreadcrumbList","@id":"https:\/\/nhcommunityservices.org\/who-we-are\/#breadcrumb","itemListElement":[{"@type":"ListItem","position":1,"name":"Home","item":"https:\/\/nhcommunityservices.org\/"},{"@type":"ListItem","position":2,"name":"Who we are?"}]},{"@type":"WebSite","@id":"https:\/\/nhcommunityservices.org\/#website","url":"https:\/\/nhcommunityservices.org\/","name":"https:\/\/nhcommunityservices.org","description":"New horizons community servicesBuilding communitiessince 2006","publisher":{"@id":"https:\/\/nhcommunityservices.org\/#organization"},"potentialAction":[{"@type":"SearchAction","target":{"@type":"EntryPoint","urlTemplate":"https:\/\/nhcommunityservices.org\/?s={search_term_string}"},"query-input":{"@type":"PropertyValueSpecification","valueRequired":true,"valueName":"search_term_string"}}],"inLanguage":"es"},{"@type":"Organization","@id":"https:\/\/nhcommunityservices.org\/#organization","name":"New Horizons Community Services","url":"https:\/\/nhcommunityservices.org\/","logo":{"@type":"ImageObject","inLanguage":"es","@id":"https:\/\/nhcommunityservices.org\/#\/schema\/logo\/image\/","url":"https:\/\/i0.wp.com\/nhcommunityservices.org\/wp-content\/uploads\/2024\/08\/logo-NHS.png?fit=906%2C252&ssl=1","contentUrl":"https:\/\/i0.wp.com\/nhcommunityservices.org\/wp-content\/uploads\/2024\/08\/logo-NHS.png?fit=906%2C252&ssl=1","width":906,"height":252,"caption":"New Horizons Community Services"},"image":{"@id":"https:\/\/nhcommunityservices.org\/#\/schema\/logo\/image\/"},"sameAs":["https:\/\/www.facebook.com\/profile.php?id=100066802521575"]}]}},"jetpack_sharing_enabled":true,"_links":{"self":[{"href":"https:\/\/nhcommunityservices.org\/es\/wp-json\/wp\/v2\/pages\/21","targetHints":{"allow":["GET"]}}],"collection":[{"href":"https:\/\/nhcommunityservices.org\/es\/wp-json\/wp\/v2\/pages"}],"about":[{"href":"https:\/\/nhcommunityservices.org\/es\/wp-json\/wp\/v2\/types\/page"}],"author":[{"embeddable":true,"href":"https:\/\/nhcommunityservices.org\/es\/wp-json\/wp\/v2\/users\/2"}],"replies":[{"embeddable":true,"href":"https:\/\/nhcommunityservices.org\/es\/wp-json\/wp\/v2\/comments?post=21"}],"version-history":[{"count":5,"href":"https:\/\/nhcommunityservices.org\/es\/wp-json\/wp\/v2\/pages\/21\/revisions"}],"predecessor-version":[{"id":322,"href":"https:\/\/nhcommunityservices.org\/es\/wp-json\/wp\/v2\/pages\/21\/revisions\/322"}],"wp:attachment":[{"href":"https:\/\/nhcommunityservices.org\/es\/wp-json\/wp\/v2\/media?parent=21"}],"curies":[{"name":"wp","href":"https:\/\/api.w.org\/{rel}","templated":true}]}}