{"id":18,"date":"2024-08-22T16:33:00","date_gmt":"2024-08-22T16:33:00","guid":{"rendered":"https:\/\/nhcommunityservices.org\/?page_id=18"},"modified":"2025-10-05T13:13:08","modified_gmt":"2025-10-05T13:13:08","slug":"about-us","status":"publish","type":"page","link":"https:\/\/nhcommunityservices.org\/es\/about-us\/","title":{"rendered":"Sobre Nosotros"},"content":{"rendered":"<p style=\"padding-right:var(--wp--preset--spacing--50);padding-left:var(--wp--preset--spacing--50);font-size:29px\" class=\"\"><strong>Nuestra Historia<\/strong><\/p>\n\n\n\n<p style=\"padding-right:var(--wp--preset--spacing--50);padding-left:var(--wp--preset--spacing--50);font-size:25px\" class=\"\">Establecida como una organizaci\u00f3n de desarrollo comunitario, <strong>New Horizons Community Services, Inc.<\/strong> Fue fundada por un emprendedor del condado de West Palm Beach, Florida, que buscaba brindar bienestar emocional y salud integral a la comunidad. El 6 de noviembre de 2006, se lanz\u00f3 una iniciativa de servicio social a trav\u00e9s de la organizaci\u00f3n sin fines de lucro New Horizons Community Services, Inc., que ofrece programas de apoyo familiar, moral y social mediante seminarios y talleres educativos.<\/p>\n\n\n\n<p style=\"padding-right:var(--wp--preset--spacing--50);padding-left:var(--wp--preset--spacing--50);font-size:25px\" class=\"\">La organizaci\u00f3n estuvo en receso y regres\u00f3 en 2012 con el gran Festival de la Familia y la Salud, en el que participaron empresarios y organizaciones del condado. Desde entonces, la organizaci\u00f3n se ha mantenido activa, desarrollando continuamente proyectos para el bienestar de nuestra comunidad.<\/p>\n\n\n\n<p style=\"padding-right:var(--wp--preset--spacing--50);padding-left:var(--wp--preset--spacing--50);font-size:25px\" class=\"\">NEW HORIZONS COMMUNITY SERVICES ES UNA ORGANIZACI\u00d3N 501(C)(3) BAJO LA LEY FEDERAL DE EE. UU. Seg\u00fan el T\u00edtulo 26 del C\u00f3digo de los Estados Unidos, la C3501 es uno de los 29 tipos de organizaciones sin fines de lucro exentas de ciertos IMPUESTOS FEDERALES. 501(c)(3).<\/p>\n\n\n\n<p style=\"padding-right:var(--wp--preset--spacing--50);padding-left:var(--wp--preset--spacing--50);font-size:25px\" class=\"\">En New Horizons Community Services, Inc., creemos que la rentabilidad no se puede separar del impacto social, por eso desarrollamos v\u00ednculos comerciales con empresarios, donde involucramos servicios con responsabilidad social, con el fin de apoyar proyectos comunitarios que brinden calidad de vida a nuestra comunidad dentro y fuera de los Estados Unidos.<\/p>\n\n\n\n<figure class=\"wp-block-image size-large has-custom-border\"><img data-recalc-dims=\"1\" loading=\"lazy\" decoding=\"async\" width=\"1024\" height=\"575\" src=\"https:\/\/i0.wp.com\/nhcommunityservices.org\/wp-content\/uploads\/2024\/08\/1_gMQ3IAT2qQjkAcfgiaImRw.webp?resize=1024%2C575&#038;ssl=1\" alt=\"\" class=\"wp-image-257\" style=\"border-radius:8px\" srcset=\"https:\/\/i0.wp.com\/nhcommunityservices.org\/wp-content\/uploads\/2024\/08\/1_gMQ3IAT2qQjkAcfgiaImRw.webp?resize=1024%2C575&amp;ssl=1 1024w, https:\/\/i0.wp.com\/nhcommunityservices.org\/wp-content\/uploads\/2024\/08\/1_gMQ3IAT2qQjkAcfgiaImRw.webp?resize=300%2C169&amp;ssl=1 300w, https:\/\/i0.wp.com\/nhcommunityservices.org\/wp-content\/uploads\/2024\/08\/1_gMQ3IAT2qQjkAcfgiaImRw.webp?resize=768%2C432&amp;ssl=1 768w, https:\/\/i0.wp.com\/nhcommunityservices.org\/wp-content\/uploads\/2024\/08\/1_gMQ3IAT2qQjkAcfgiaImRw.webp?resize=18%2C10&amp;ssl=1 18w, https:\/\/i0.wp.com\/nhcommunityservices.org\/wp-content\/uploads\/2024\/08\/1_gMQ3IAT2qQjkAcfgiaImRw.webp?w=1534&amp;ssl=1 1534w\" sizes=\"auto, (max-width: 1000px) 100vw, 1000px\" \/><\/figure>\n\n\n\n<p style=\"padding-right:var(--wp--preset--spacing--50);padding-left:var(--wp--preset--spacing--50);font-size:25px\" class=\"\"><strong>Misi\u00f3n<\/strong><\/p>\n\n\n\n<p style=\"padding-right:var(--wp--preset--spacing--50);padding-left:var(--wp--preset--spacing--50);font-size:25px\" class=\"\">Promover el desarrollo de la educaci\u00f3n, el bienestar general, la sostenibilidad econ\u00f3mica y la salud general de las familias, invirtiendo en recursos a nivel nacional e internacional para mejorar el nivel de vida personal en la Comunidad.<\/p>\n\n\n\n<p style=\"padding-right:var(--wp--preset--spacing--50);padding-left:var(--wp--preset--spacing--50);font-size:25px\" class=\"\"><strong>Visi\u00f3n<\/strong><\/p>\n\n\n\n<p style=\"padding-right:var(--wp--preset--spacing--50);padding-left:var(--wp--preset--spacing--50);font-size:25px\" class=\"\">Al mejorar el nivel de vida personal, abogamos por incrementar los valores morales alineados con el crecimiento personal que a su vez impacta a la comunidad para una vida mejor. Buscamos empoderar a nuestra comunidad. Visualizamos un mundo mentalmente fuerte y econ\u00f3micamente sostenible para nuestras generaciones venideras. Todos tienen la oportunidad de una vida mejor. S\u00f3lo necesitamos las herramientas y la orientaci\u00f3n adecuadas para descubrir la mejor versi\u00f3n de s\u00ed mismo.<br>Estaremos aqu\u00ed para apoyarte.<\/p>\n\n\n\n<p style=\"padding-right:var(--wp--preset--spacing--50);padding-left:var(--wp--preset--spacing--50);font-size:25px\" class=\"\"><\/p>","protected":false},"excerpt":{"rendered":"<p>Our Story Established as a community development organization, New Horizons Community Services, Inc. was funded [&hellip;]<\/p>\n","protected":false},"author":2,"featured_media":0,"parent":0,"menu_order":0,"comment_status":"closed","ping_status":"closed","template":"wp-custom-template-general-template-nhcs","meta":{"nf_dc_page":"","om_disable_all_campaigns":false,"_monsterinsights_skip_tracking":false,"_monsterinsights_sitenote_active":false,"_monsterinsights_sitenote_note":"","_monsterinsights_sitenote_category":0,"footnotes":""},"class_list":["post-18","page","type-page","status-publish","hentry"],"yoast_head":"<!-- This site is optimized with the Yoast SEO plugin v27.4 - https:\/\/yoast.com\/product\/yoast-seo-wordpress\/ -->\n<title>About Us - https:\/\/nhcommunityservices.org<\/title>\n<meta name=\"robots\" content=\"index, follow, max-snippet:-1, max-image-preview:large, max-video-preview:-1\" \/>\n<link rel=\"canonical\" href=\"https:\/\/nhcommunityservices.org\/es\/about-us\/\" \/>\n<meta property=\"og:locale\" content=\"es_MX\" \/>\n<meta property=\"og:type\" content=\"article\" \/>\n<meta property=\"og:title\" content=\"About Us - https:\/\/nhcommunityservices.org\" \/>\n<meta property=\"og:description\" content=\"Our Story Established as a community development organization, New Horizons Community Services, Inc. was funded [&hellip;]\" \/>\n<meta property=\"og:url\" content=\"https:\/\/nhcommunityservices.org\/es\/about-us\/\" \/>\n<meta property=\"og:site_name\" content=\"https:\/\/nhcommunityservices.org\" \/>\n<meta property=\"article:publisher\" content=\"https:\/\/www.facebook.com\/profile.php?id=100066802521575\" \/>\n<meta property=\"article:modified_time\" content=\"2025-10-05T13:13:08+00:00\" \/>\n<meta property=\"og:image\" content=\"https:\/\/nhcommunityservices.org\/wp-content\/uploads\/2024\/08\/1_gMQ3IAT2qQjkAcfgiaImRw-1024x575.webp\" \/>\n<meta name=\"twitter:card\" content=\"summary_large_image\" \/>\n<meta name=\"twitter:label1\" content=\"Tiempo de lectura\" \/>\n\t<meta name=\"twitter:data1\" content=\"2 minutos\" \/>\n<script type=\"application\/ld+json\" class=\"yoast-schema-graph\">{\"@context\":\"https:\\\/\\\/schema.org\",\"@graph\":[{\"@type\":\"WebPage\",\"@id\":\"https:\\\/\\\/nhcommunityservices.org\\\/about-us\\\/\",\"url\":\"https:\\\/\\\/nhcommunityservices.org\\\/about-us\\\/\",\"name\":\"About Us - https:\\\/\\\/nhcommunityservices.org\",\"isPartOf\":{\"@id\":\"https:\\\/\\\/nhcommunityservices.org\\\/#website\"},\"primaryImageOfPage\":{\"@id\":\"https:\\\/\\\/nhcommunityservices.org\\\/about-us\\\/#primaryimage\"},\"image\":{\"@id\":\"https:\\\/\\\/nhcommunityservices.org\\\/about-us\\\/#primaryimage\"},\"thumbnailUrl\":\"https:\\\/\\\/nhcommunityservices.org\\\/wp-content\\\/uploads\\\/2024\\\/08\\\/1_gMQ3IAT2qQjkAcfgiaImRw-1024x575.webp\",\"datePublished\":\"2024-08-22T16:33:00+00:00\",\"dateModified\":\"2025-10-05T13:13:08+00:00\",\"breadcrumb\":{\"@id\":\"https:\\\/\\\/nhcommunityservices.org\\\/about-us\\\/#breadcrumb\"},\"inLanguage\":\"es\",\"potentialAction\":[{\"@type\":\"ReadAction\",\"target\":[\"https:\\\/\\\/nhcommunityservices.org\\\/about-us\\\/\"]}]},{\"@type\":\"ImageObject\",\"inLanguage\":\"es\",\"@id\":\"https:\\\/\\\/nhcommunityservices.org\\\/about-us\\\/#primaryimage\",\"url\":\"https:\\\/\\\/nhcommunityservices.org\\\/wp-content\\\/uploads\\\/2024\\\/08\\\/1_gMQ3IAT2qQjkAcfgiaImRw-1024x575.webp\",\"contentUrl\":\"https:\\\/\\\/nhcommunityservices.org\\\/wp-content\\\/uploads\\\/2024\\\/08\\\/1_gMQ3IAT2qQjkAcfgiaImRw-1024x575.webp\"},{\"@type\":\"BreadcrumbList\",\"@id\":\"https:\\\/\\\/nhcommunityservices.org\\\/about-us\\\/#breadcrumb\",\"itemListElement\":[{\"@type\":\"ListItem\",\"position\":1,\"name\":\"Home\",\"item\":\"https:\\\/\\\/nhcommunityservices.org\\\/\"},{\"@type\":\"ListItem\",\"position\":2,\"name\":\"About Us\"}]},{\"@type\":\"WebSite\",\"@id\":\"https:\\\/\\\/nhcommunityservices.org\\\/#website\",\"url\":\"https:\\\/\\\/nhcommunityservices.org\\\/\",\"name\":\"https:\\\/\\\/nhcommunityservices.org\",\"description\":\"New horizons community servicesBuilding communitiessince 2006\",\"publisher\":{\"@id\":\"https:\\\/\\\/nhcommunityservices.org\\\/#organization\"},\"potentialAction\":[{\"@type\":\"SearchAction\",\"target\":{\"@type\":\"EntryPoint\",\"urlTemplate\":\"https:\\\/\\\/nhcommunityservices.org\\\/?s={search_term_string}\"},\"query-input\":{\"@type\":\"PropertyValueSpecification\",\"valueRequired\":true,\"valueName\":\"search_term_string\"}}],\"inLanguage\":\"es\"},{\"@type\":\"Organization\",\"@id\":\"https:\\\/\\\/nhcommunityservices.org\\\/#organization\",\"name\":\"New Horizons Community Services\",\"url\":\"https:\\\/\\\/nhcommunityservices.org\\\/\",\"logo\":{\"@type\":\"ImageObject\",\"inLanguage\":\"es\",\"@id\":\"https:\\\/\\\/nhcommunityservices.org\\\/#\\\/schema\\\/logo\\\/image\\\/\",\"url\":\"https:\\\/\\\/i0.wp.com\\\/nhcommunityservices.org\\\/wp-content\\\/uploads\\\/2024\\\/08\\\/logo-NHS.png?fit=906%2C252&ssl=1\",\"contentUrl\":\"https:\\\/\\\/i0.wp.com\\\/nhcommunityservices.org\\\/wp-content\\\/uploads\\\/2024\\\/08\\\/logo-NHS.png?fit=906%2C252&ssl=1\",\"width\":906,\"height\":252,\"caption\":\"New Horizons Community Services\"},\"image\":{\"@id\":\"https:\\\/\\\/nhcommunityservices.org\\\/#\\\/schema\\\/logo\\\/image\\\/\"},\"sameAs\":[\"https:\\\/\\\/www.facebook.com\\\/profile.php?id=100066802521575\"]}]}<\/script>\n<!-- \/ Yoast SEO plugin. -->","yoast_head_json":{"title":"About Us - https:\/\/nhcommunityservices.org","robots":{"index":"index","follow":"follow","max-snippet":"max-snippet:-1","max-image-preview":"max-image-preview:large","max-video-preview":"max-video-preview:-1"},"canonical":"https:\/\/nhcommunityservices.org\/es\/about-us\/","og_locale":"es_MX","og_type":"article","og_title":"About Us - https:\/\/nhcommunityservices.org","og_description":"Our Story Established as a community development organization, New Horizons Community Services, Inc. was funded [&hellip;]","og_url":"https:\/\/nhcommunityservices.org\/es\/about-us\/","og_site_name":"https:\/\/nhcommunityservices.org","article_publisher":"https:\/\/www.facebook.com\/profile.php?id=100066802521575","article_modified_time":"2025-10-05T13:13:08+00:00","og_image":[{"url":"https:\/\/nhcommunityservices.org\/wp-content\/uploads\/2024\/08\/1_gMQ3IAT2qQjkAcfgiaImRw-1024x575.webp","type":"","width":"","height":""}],"twitter_card":"summary_large_image","twitter_misc":{"Tiempo de lectura":"2 minutos"},"schema":{"@context":"https:\/\/schema.org","@graph":[{"@type":"WebPage","@id":"https:\/\/nhcommunityservices.org\/about-us\/","url":"https:\/\/nhcommunityservices.org\/about-us\/","name":"About Us - https:\/\/nhcommunityservices.org","isPartOf":{"@id":"https:\/\/nhcommunityservices.org\/#website"},"primaryImageOfPage":{"@id":"https:\/\/nhcommunityservices.org\/about-us\/#primaryimage"},"image":{"@id":"https:\/\/nhcommunityservices.org\/about-us\/#primaryimage"},"thumbnailUrl":"https:\/\/nhcommunityservices.org\/wp-content\/uploads\/2024\/08\/1_gMQ3IAT2qQjkAcfgiaImRw-1024x575.webp","datePublished":"2024-08-22T16:33:00+00:00","dateModified":"2025-10-05T13:13:08+00:00","breadcrumb":{"@id":"https:\/\/nhcommunityservices.org\/about-us\/#breadcrumb"},"inLanguage":"es","potentialAction":[{"@type":"ReadAction","target":["https:\/\/nhcommunityservices.org\/about-us\/"]}]},{"@type":"ImageObject","inLanguage":"es","@id":"https:\/\/nhcommunityservices.org\/about-us\/#primaryimage","url":"https:\/\/nhcommunityservices.org\/wp-content\/uploads\/2024\/08\/1_gMQ3IAT2qQjkAcfgiaImRw-1024x575.webp","contentUrl":"https:\/\/nhcommunityservices.org\/wp-content\/uploads\/2024\/08\/1_gMQ3IAT2qQjkAcfgiaImRw-1024x575.webp"},{"@type":"BreadcrumbList","@id":"https:\/\/nhcommunityservices.org\/about-us\/#breadcrumb","itemListElement":[{"@type":"ListItem","position":1,"name":"Home","item":"https:\/\/nhcommunityservices.org\/"},{"@type":"ListItem","position":2,"name":"About Us"}]},{"@type":"WebSite","@id":"https:\/\/nhcommunityservices.org\/#website","url":"https:\/\/nhcommunityservices.org\/","name":"https:\/\/nhcommunityservices.org","description":"New horizons community servicesBuilding communitiessince 2006","publisher":{"@id":"https:\/\/nhcommunityservices.org\/#organization"},"potentialAction":[{"@type":"SearchAction","target":{"@type":"EntryPoint","urlTemplate":"https:\/\/nhcommunityservices.org\/?s={search_term_string}"},"query-input":{"@type":"PropertyValueSpecification","valueRequired":true,"valueName":"search_term_string"}}],"inLanguage":"es"},{"@type":"Organization","@id":"https:\/\/nhcommunityservices.org\/#organization","name":"New Horizons Community Services","url":"https:\/\/nhcommunityservices.org\/","logo":{"@type":"ImageObject","inLanguage":"es","@id":"https:\/\/nhcommunityservices.org\/#\/schema\/logo\/image\/","url":"https:\/\/i0.wp.com\/nhcommunityservices.org\/wp-content\/uploads\/2024\/08\/logo-NHS.png?fit=906%2C252&ssl=1","contentUrl":"https:\/\/i0.wp.com\/nhcommunityservices.org\/wp-content\/uploads\/2024\/08\/logo-NHS.png?fit=906%2C252&ssl=1","width":906,"height":252,"caption":"New Horizons Community Services"},"image":{"@id":"https:\/\/nhcommunityservices.org\/#\/schema\/logo\/image\/"},"sameAs":["https:\/\/www.facebook.com\/profile.php?id=100066802521575"]}]}},"jetpack_sharing_enabled":true,"_links":{"self":[{"href":"https:\/\/nhcommunityservices.org\/es\/wp-json\/wp\/v2\/pages\/18","targetHints":{"allow":["GET"]}}],"collection":[{"href":"https:\/\/nhcommunityservices.org\/es\/wp-json\/wp\/v2\/pages"}],"about":[{"href":"https:\/\/nhcommunityservices.org\/es\/wp-json\/wp\/v2\/types\/page"}],"author":[{"embeddable":true,"href":"https:\/\/nhcommunityservices.org\/es\/wp-json\/wp\/v2\/users\/2"}],"replies":[{"embeddable":true,"href":"https:\/\/nhcommunityservices.org\/es\/wp-json\/wp\/v2\/comments?post=18"}],"version-history":[{"count":17,"href":"https:\/\/nhcommunityservices.org\/es\/wp-json\/wp\/v2\/pages\/18\/revisions"}],"predecessor-version":[{"id":605,"href":"https:\/\/nhcommunityservices.org\/es\/wp-json\/wp\/v2\/pages\/18\/revisions\/605"}],"wp:attachment":[{"href":"https:\/\/nhcommunityservices.org\/es\/wp-json\/wp\/v2\/media?parent=18"}],"curies":[{"name":"wp","href":"https:\/\/api.w.org\/{rel}","templated":true}]}}